{"id":81,"date":"2026-03-26T16:49:20","date_gmt":"2026-03-26T16:49:20","guid":{"rendered":"https:\/\/srimontage.se\/wordpress\/?page_id=81"},"modified":"2026-04-03T13:56:50","modified_gmt":"2026-04-03T13:56:50","slug":"contact-us","status":"publish","type":"page","link":"https:\/\/srimontage.se\/en\/contact-us\/","title":{"rendered":"Contact Us"},"content":{"rendered":"<section class=\"bde-section-81-100 bde-section\">\n  \n  \n\t\n\n\n\n<div class=\"section-container\"><div class=\"bde-google-map-81-101 bde-google-map\">\r\n<iframe width=\"100%\" height=\"100%\" style=\"border:0\" loading=\"lazy\" title=\"Map\" src=\"https:\/\/maps.google.com\/maps?q=Greveg%C3%A5rdsv%C3%A4gen+106%3Cbr%3E421+61%3Cbr%3EG%C3%B6teborg&t=m&z=14&output=embed&iwloc=near\" allowfullscreen><\/iframe>\n<\/div><\/div>\n<\/section><section class=\"bde-section-81-102 bde-section\">\n  \n  \n\t\n\n\n\n<div class=\"section-container\"><div class=\"bde-text-81-103 bde-text\">\nKontakta oss\n<\/div><h2 class=\"bde-heading-81-104 bde-heading\">\nHar du fr\u00e5gor? Kontakta oss!<br>\n<\/h2><div class=\"bde-columns-81-105 bde-columns\"><div class=\"bde-column-81-106 bde-column\">\n  \n  \n\t\n\n\n\n<div class=\"bde-form-builder-81-107 bde-form-builder\">\n\n<form id=\"contact-form107\" class=\"breakdance-form breakdance-form--vertical\" data-options=\"{&quot;slug&quot;:&quot;custom&quot;,&quot;name&quot;:&quot;Contact Form&quot;,&quot;ajaxUrl&quot;:&quot;https:\\\/\\\/srimontage.se\\\/wp-admin\\\/admin-ajax.php&quot;,&quot;clearOnSuccess&quot;:true,&quot;hideOnSuccess&quot;:false,&quot;successMessage&quot;:&quot;Your message has been received!&quot;,&quot;errorMessage&quot;:&quot;Something went wrong&quot;,&quot;redirect&quot;:false,&quot;redirectUrl&quot;:&quot;&quot;,&quot;customJavaScript&quot;:&quot;&quot;,&quot;recaptcha&quot;:{&quot;key&quot;:&quot;&quot;,&quot;enabled&quot;:false},&quot;honeypot_enabled&quot;:false,&quot;popupsOnSuccess&quot;:[],&quot;popupsOnError&quot;:[]}\" data-steps=\"0\" >\n  \n  \n  \n<div class=\"breakdance-form-field breakdance-form-field--text\" >\n    \n    \n            <label class=\"breakdance-form-field__label\" for=\"name\">\n            Name<span class=\"breakdance-form-field__required\">*<\/span>\n        <\/label>\n    \n    <input\n    class=\"breakdance-form-field__input\"\n    id=\"name\"\n    aria-describedby=\"name\"\n    type=\"text\"\n    name=\"fields[name]\"\n    placeholder=\"Ditt namn\"\n    value=\"\"\n                \n        \n        \n    required\n    \n    \n    \n>\n\n\n    \n    \n<\/div>\n\n\n<div class=\"breakdance-form-field breakdance-form-field--email\" >\n    \n    \n            <label class=\"breakdance-form-field__label\" for=\"email\">\n            Email<span class=\"breakdance-form-field__required\">*<\/span>\n        <\/label>\n    \n    <input\n    class=\"breakdance-form-field__input\"\n    id=\"email\"\n    aria-describedby=\"email\"\n    type=\"email\"\n    name=\"fields[email]\"\n    placeholder=\"E-postadress\"\n    value=\"\"\n                \n        \n        \n    required\n    \n    \n    \n>\n\n\n    \n    \n<\/div>\n\n\n<div class=\"breakdance-form-field breakdance-form-field--tel\" >\n    \n    \n            <label class=\"breakdance-form-field__label\" for=\"phone\">\n            Phone Number<span class=\"breakdance-form-field__required\">*<\/span>\n        <\/label>\n    \n    <input\n    class=\"breakdance-form-field__input\"\n    id=\"phone\"\n    aria-describedby=\"phone\"\n    type=\"tel\"\n    name=\"fields[phone]\"\n    placeholder=\"Telefonnummer\"\n    value=\"\"\n                \n        \n        \n    required\n    \n    \n    \n>\n\n\n    \n    \n<\/div>\n\n\n<div class=\"breakdance-form-field breakdance-form-field--select\" >\n    \n    \n            <label class=\"breakdance-form-field__label\" for=\"qzrkoa\">\n            Service<span class=\"breakdance-form-field__required\">*<\/span>\n        <\/label>\n    \n    <select\n    class=\"breakdance-form-field__input\"\n    id=\"qzrkoa\"\n    name=\"fields[qzrkoa]\"\n    required\n    \n        >\n      <option value=\"\">V\u00e4lj din tj\u00e4nst<\/option>\n          <option value=\"Kompletta industriella l\u00f6sningar\" >Kompletta industriella l\u00f6sningar<\/option>\n        <option value=\"Svetsning & Konstruktion\" >Svetsning & Konstruktion<\/option>\n        <option value=\"Maskinservice & Underh\u00e5ll\" >Maskinservice & Underh\u00e5ll<\/option>\n        <option value=\"Montage & Installation\" >Montage & Installation<\/option>\n  <\/select>\n\n\n    \n    \n<\/div>\n\n\n<div class=\"breakdance-form-field breakdance-form-field--textarea\" >\n    \n    \n            <label class=\"breakdance-form-field__label\" for=\"message\">\n            Message<span class=\"breakdance-form-field__required\">*<\/span>\n        <\/label>\n    \n    <textarea\n    class=\"breakdance-form-field__input\"\n    id=\"message\"\n    aria-describedby=\"message\"\n    type=\"textarea\"\n    name=\"fields[message]\"\n        placeholder=\"Meddelande\"\n    required\n    >\n<\/textarea>\n\n\n    \n    \n<\/div>\n\n\n  \n\n<div class=\"breakdance-form-field breakdance-form-footer\">\n    \n    \n                                    \n    \n    \n    \n    \n            \n            <button type=\"submit\" class=\"button-atom button-atom--primary breakdance-form-button breakdance-form-button__submit\"  >\n    \n        <span class=\"button-atom__text\">Skicka<\/span>\n\n        \n        \n            <\/button>\n    \n    <input type=\"hidden\" name=\"form_id\" value=\"107\">\n    <input type=\"hidden\" name=\"post_id\" value=\"81\">\n<\/div>\n\n  \n<\/form>\n\n\n<\/div>\n<\/div><div class=\"bde-column-81-108 bde-column\">\n  \n  \n\t\n\n\n\n<div class=\"bde-icon-box-81-109 bde-icon-box\">\n\n    \n            <div class=\"ee-iconbox-icon breakdance-icon-atom\" >\n    \n                    <svg xmlns=\"http:\/\/www.w3.org\/2000\/svg\" id=\"icon-location\" viewBox=\"0 0 32 32\">\n<path d=\"M16 0c-5.523 0-10 4.477-10 10 0 10 10 22 10 22s10-12 10-22c0-5.523-4.477-10-10-10zM16 16c-3.314 0-6-2.686-6-6s2.686-6 6-6 6 2.686 6 6-2.686 6-6 6z\"\/>\n<\/svg>\n        \n        \n        \n            <\/div>\n    \n\n<div class=\"ee-iconbox-content\">\n      <h3 class=\"ee-iconbox-title bde-h3\" >V\u00e5rt kontor<\/h3>\n        <div class=\"ee-iconbox-text\" >Greveg\u00e5rdsv\u00e4gen 106 <br>421 61 G\u00f6teborg<\/div>\n    <\/div>\n\n<\/div><div class=\"bde-icon-box-81-110 bde-icon-box\">\n\n    \n            <div class=\"ee-iconbox-icon breakdance-icon-atom\" >\n    \n                    <svg xmlns=\"http:\/\/www.w3.org\/2000\/svg\" viewBox=\"0 0 512 512\"><!--! Font Awesome Free 6.5.1 by @fontawesome - https:\/\/fontawesome.com License - https:\/\/fontawesome.com\/license\/free (Icons: CC BY 4.0, Fonts: SIL OFL 1.1, Code: MIT License) Copyright 2023 Fonticons, Inc. --><path d=\"M464 256A208 208 0 1 1 48 256a208 208 0 1 1 416 0zM0 256a256 256 0 1 0 512 0A256 256 0 1 0 0 256zM232 120V256c0 8 4 15.5 10.7 20l96 64c11 7.4 25.9 4.4 33.3-6.7s4.4-25.9-6.7-33.3L280 243.2V120c0-13.3-10.7-24-24-24s-24 10.7-24 24z\"\/><\/svg>\n        \n        \n        \n            <\/div>\n    \n\n<div class=\"ee-iconbox-content\">\n      <h3 class=\"ee-iconbox-title bde-h3\" >Arbetstider<\/h3>\n        <div class=\"ee-iconbox-text\" >Mon-Sat 7.00-16.00<\/div>\n    <\/div>\n\n<\/div><div class=\"bde-icon-box-81-111 bde-icon-box\">\n\n    \n            <div class=\"ee-iconbox-icon breakdance-icon-atom\" >\n    \n                    <svg xmlns=\"http:\/\/www.w3.org\/2000\/svg\" id=\"icon-phone\" viewBox=\"0 0 32 32\">\n<path d=\"M22 20c-2 2-2 4-4 4s-4-2-6-4-4-4-4-6 2-2 4-4-4-8-6-8-6 6-6 6c0 4 4.109 12.109 8 16s12 8 16 8c0 0 6-4 6-6s-6-8-8-6z\"\/>\n<\/svg>\n        \n        \n        \n            <\/div>\n    \n\n<div class=\"ee-iconbox-content\">\n      <h3 class=\"ee-iconbox-title bde-h3\" >Telefonnummer<\/h3>\n        <div class=\"ee-iconbox-text\" >+46 73-620 75 09<\/div>\n    <\/div>\n\n<\/div><a class=\"bde-container-link-81-114 bde-container-link breakdance-link\" href=\"mailto:info@srimontage.se\" target=\"_self\" data-type=\"url\">\n  \n  \n\t\n\n\n\n<div class=\"bde-icon-box-81-112 bde-icon-box\">\n\n    \n            <div class=\"ee-iconbox-icon breakdance-icon-atom\" >\n    \n                    <svg xmlns=\"http:\/\/www.w3.org\/2000\/svg\" viewBox=\"0 0 512 512\"><!--! Font Awesome Free 6.5.1 by @fontawesome - https:\/\/fontawesome.com License - https:\/\/fontawesome.com\/license\/free (Icons: CC BY 4.0, Fonts: SIL OFL 1.1, Code: MIT License) Copyright 2023 Fonticons, Inc. --><path d=\"M64 112c-8.8 0-16 7.2-16 16v22.1L220.5 291.7c20.7 17 50.4 17 71.1 0L464 150.1V128c0-8.8-7.2-16-16-16H64zM48 212.2V384c0 8.8 7.2 16 16 16H448c8.8 0 16-7.2 16-16V212.2L322 328.8c-38.4 31.5-93.7 31.5-132 0L48 212.2zM0 128C0 92.7 28.7 64 64 64H448c35.3 0 64 28.7 64 64V384c0 35.3-28.7 64-64 64H64c-35.3 0-64-28.7-64-64V128z\"\/><\/svg>\n        \n        \n        \n            <\/div>\n    \n\n<div class=\"ee-iconbox-content\">\n      <h3 class=\"ee-iconbox-title bde-h3\" >Email us<\/h3>\n        <div class=\"ee-iconbox-text\" >info@srimontage.se<\/div>\n    <\/div>\n\n<\/div>\n\n<\/a>\n<\/div><\/div><\/div>\n<\/section>","protected":false},"excerpt":{"rendered":"<p>Kontakta oss Har du fr\u00e5gor? Kontakta oss! Name* Email* Phone Number* Service* V\u00e4lj din tj\u00e4nst Kompletta industriella l\u00f6sningar Svetsning &#038; Konstruktion Maskinservice &#038; Underh\u00e5ll Montage &#038; Installation Message* Skicka V\u00e5rt kontor Greveg\u00e5rdsv\u00e4gen 106 421 61 G\u00f6teborg Arbetstider Mon-Sat 7.00-16.00 Telefonnummer +46 73-620 75 09 Email us info@srimontage.se<\/p>","protected":false},"author":1,"featured_media":0,"parent":0,"menu_order":0,"comment_status":"closed","ping_status":"closed","template":"","meta":{"_breakdance_hide_in_design_set":false,"_breakdance_tags":"","footnotes":""},"class_list":["post-81","page","type-page","status-publish","hentry"],"yoast_head":"<!-- This site is optimized with the Yoast SEO plugin v27.2 - https:\/\/yoast.com\/product\/yoast-seo-wordpress\/ -->\n<title>Contact SRI Montage AB | Industrial Services Sweden<\/title>\n<meta name=\"description\" content=\"Contact SRI Montage AB for assembly, welding, and machinery maintenance services in Sweden. Get in touch for a quote or more information.\" \/>\n<meta name=\"robots\" content=\"index, follow, max-snippet:-1, max-image-preview:large, max-video-preview:-1\" \/>\n<link rel=\"canonical\" href=\"https:\/\/srimontage.se\/en\/contact-us\/\" \/>\n<meta property=\"og:locale\" content=\"en_US\" \/>\n<meta property=\"og:type\" content=\"article\" \/>\n<meta property=\"og:title\" content=\"Contact SRI Montage AB | Industrial Services Sweden\" \/>\n<meta property=\"og:description\" content=\"Contact SRI Montage AB for assembly, welding, and machinery maintenance services in Sweden. Get in touch for a quote or more information.\" \/>\n<meta property=\"og:url\" content=\"https:\/\/srimontage.se\/en\/contact-us\/\" \/>\n<meta property=\"og:site_name\" content=\"SRI Montage\" \/>\n<meta property=\"article:modified_time\" content=\"2026-04-03T13:56:50+00:00\" \/>\n<meta name=\"twitter:card\" content=\"summary_large_image\" \/>\n<script type=\"application\/ld+json\" class=\"yoast-schema-graph\">{\"@context\":\"https:\/\/schema.org\",\"@graph\":[{\"@type\":\"WebPage\",\"@id\":\"https:\/\/srimontage.se\/contact-us\/\",\"url\":\"https:\/\/srimontage.se\/contact-us\/\",\"name\":\"Contact SRI Montage AB | Industrial Services Sweden\",\"isPartOf\":{\"@id\":\"https:\/\/srimontage.se\/#website\"},\"datePublished\":\"2026-03-26T16:49:20+00:00\",\"dateModified\":\"2026-04-03T13:56:50+00:00\",\"description\":\"Contact SRI Montage AB for assembly, welding, and machinery maintenance services in Sweden. Get in touch for a quote or more information.\",\"breadcrumb\":{\"@id\":\"https:\/\/srimontage.se\/contact-us\/#breadcrumb\"},\"inLanguage\":\"en-US\",\"potentialAction\":[{\"@type\":\"ReadAction\",\"target\":[\"https:\/\/srimontage.se\/contact-us\/\"]}]},{\"@type\":\"BreadcrumbList\",\"@id\":\"https:\/\/srimontage.se\/contact-us\/#breadcrumb\",\"itemListElement\":[{\"@type\":\"ListItem\",\"position\":1,\"name\":\"Home\",\"item\":\"https:\/\/srimontage.se\/\"},{\"@type\":\"ListItem\",\"position\":2,\"name\":\"Contact Us\"}]},{\"@type\":\"WebSite\",\"@id\":\"https:\/\/srimontage.se\/#website\",\"url\":\"https:\/\/srimontage.se\/\",\"name\":\"SRI Montage\",\"description\":\"Precision. Quality. Experience \u2013 in every detail\",\"publisher\":{\"@id\":\"https:\/\/srimontage.se\/#organization\"},\"potentialAction\":[{\"@type\":\"SearchAction\",\"target\":{\"@type\":\"EntryPoint\",\"urlTemplate\":\"https:\/\/srimontage.se\/?s={search_term_string}\"},\"query-input\":{\"@type\":\"PropertyValueSpecification\",\"valueRequired\":true,\"valueName\":\"search_term_string\"}}],\"inLanguage\":\"en-US\"},{\"@type\":\"Organization\",\"@id\":\"https:\/\/srimontage.se\/#organization\",\"name\":\"SRI Montage\",\"url\":\"https:\/\/srimontage.se\/\",\"logo\":{\"@type\":\"ImageObject\",\"inLanguage\":\"en-US\",\"@id\":\"https:\/\/srimontage.se\/#\/schema\/logo\/image\/\",\"url\":\"https:\/\/srimontage.se\/wordpress\/wp-content\/uploads\/2026\/03\/sri-logo.png\",\"contentUrl\":\"https:\/\/srimontage.se\/wordpress\/wp-content\/uploads\/2026\/03\/sri-logo.png\",\"width\":223,\"height\":100,\"caption\":\"SRI Montage\"},\"image\":{\"@id\":\"https:\/\/srimontage.se\/#\/schema\/logo\/image\/\"},\"sameAs\":[\"https:\/\/www.instagram.com\/srimontage\/\"]}]}<\/script>\n<!-- \/ Yoast SEO plugin. -->","yoast_head_json":{"title":"Contact SRI Montage AB | Industrial Services Sweden","description":"Contact SRI Montage AB for assembly, welding, and machinery maintenance services in Sweden. Get in touch for a quote or more information.","robots":{"index":"index","follow":"follow","max-snippet":"max-snippet:-1","max-image-preview":"max-image-preview:large","max-video-preview":"max-video-preview:-1"},"canonical":"https:\/\/srimontage.se\/en\/contact-us\/","og_locale":"en_US","og_type":"article","og_title":"Contact SRI Montage AB | Industrial Services Sweden","og_description":"Contact SRI Montage AB for assembly, welding, and machinery maintenance services in Sweden. Get in touch for a quote or more information.","og_url":"https:\/\/srimontage.se\/en\/contact-us\/","og_site_name":"SRI Montage","article_modified_time":"2026-04-03T13:56:50+00:00","twitter_card":"summary_large_image","schema":{"@context":"https:\/\/schema.org","@graph":[{"@type":"WebPage","@id":"https:\/\/srimontage.se\/contact-us\/","url":"https:\/\/srimontage.se\/contact-us\/","name":"Contact SRI Montage AB | Industrial Services Sweden","isPartOf":{"@id":"https:\/\/srimontage.se\/#website"},"datePublished":"2026-03-26T16:49:20+00:00","dateModified":"2026-04-03T13:56:50+00:00","description":"Contact SRI Montage AB for assembly, welding, and machinery maintenance services in Sweden. Get in touch for a quote or more information.","breadcrumb":{"@id":"https:\/\/srimontage.se\/contact-us\/#breadcrumb"},"inLanguage":"en-US","potentialAction":[{"@type":"ReadAction","target":["https:\/\/srimontage.se\/contact-us\/"]}]},{"@type":"BreadcrumbList","@id":"https:\/\/srimontage.se\/contact-us\/#breadcrumb","itemListElement":[{"@type":"ListItem","position":1,"name":"Home","item":"https:\/\/srimontage.se\/"},{"@type":"ListItem","position":2,"name":"Contact Us"}]},{"@type":"WebSite","@id":"https:\/\/srimontage.se\/#website","url":"https:\/\/srimontage.se\/","name":"SRI Montage","description":"Precision. Quality. Experience \u2013 in every detail","publisher":{"@id":"https:\/\/srimontage.se\/#organization"},"potentialAction":[{"@type":"SearchAction","target":{"@type":"EntryPoint","urlTemplate":"https:\/\/srimontage.se\/?s={search_term_string}"},"query-input":{"@type":"PropertyValueSpecification","valueRequired":true,"valueName":"search_term_string"}}],"inLanguage":"en-US"},{"@type":"Organization","@id":"https:\/\/srimontage.se\/#organization","name":"SRI Montage","url":"https:\/\/srimontage.se\/","logo":{"@type":"ImageObject","inLanguage":"en-US","@id":"https:\/\/srimontage.se\/#\/schema\/logo\/image\/","url":"https:\/\/srimontage.se\/wordpress\/wp-content\/uploads\/2026\/03\/sri-logo.png","contentUrl":"https:\/\/srimontage.se\/wordpress\/wp-content\/uploads\/2026\/03\/sri-logo.png","width":223,"height":100,"caption":"SRI Montage"},"image":{"@id":"https:\/\/srimontage.se\/#\/schema\/logo\/image\/"},"sameAs":["https:\/\/www.instagram.com\/srimontage\/"]}]}},"_links":{"self":[{"href":"https:\/\/srimontage.se\/en\/wp-json\/wp\/v2\/pages\/81","targetHints":{"allow":["GET"]}}],"collection":[{"href":"https:\/\/srimontage.se\/en\/wp-json\/wp\/v2\/pages"}],"about":[{"href":"https:\/\/srimontage.se\/en\/wp-json\/wp\/v2\/types\/page"}],"author":[{"embeddable":true,"href":"https:\/\/srimontage.se\/en\/wp-json\/wp\/v2\/users\/1"}],"replies":[{"embeddable":true,"href":"https:\/\/srimontage.se\/en\/wp-json\/wp\/v2\/comments?post=81"}],"version-history":[{"count":14,"href":"https:\/\/srimontage.se\/en\/wp-json\/wp\/v2\/pages\/81\/revisions"}],"predecessor-version":[{"id":172,"href":"https:\/\/srimontage.se\/en\/wp-json\/wp\/v2\/pages\/81\/revisions\/172"}],"wp:attachment":[{"href":"https:\/\/srimontage.se\/en\/wp-json\/wp\/v2\/media?parent=81"}],"curies":[{"name":"wp","href":"https:\/\/api.w.org\/{rel}","templated":true}]}}