{"id":133,"date":"2026-03-30T18:21:25","date_gmt":"2026-03-30T18:21:25","guid":{"rendered":"https:\/\/srimontage.se\/?page_id=133"},"modified":"2026-04-03T13:59:03","modified_gmt":"2026-04-03T13:59:03","slug":"templet","status":"publish","type":"page","link":"https:\/\/srimontage.se\/en\/templet\/","title":{"rendered":"Templet"},"content":{"rendered":"<section class=\"bde-section-133-100 bde-section\">\n  \n  \n\t\n\n\n\n<div class=\"section-container\"><h2 class=\"bde-heading-133-103 bde-heading\">\nCut-Template: Precision, Efficiency &amp; Cost Savings\n<\/h2><div class=\"bde-columns-133-108 bde-columns\"><div class=\"bde-column-133-109 bde-column\">\n  \n  \n\t\n\n\n\n<h2 class=\"bde-heading-133-113 bde-heading\">\nCut Costs. Save Time. Work Smarter.\n<\/h2><div class=\"bde-text-133-105 bde-text translation-block\">Investing in the Cut-Template is more than just improving accuracy\u2014it\u2019s a smarter way to save both time and money. By reducing material waste and minimizing errors, the Cut-Template helps you optimize resources and lower overall project costs. Users report saving over 85% in labor time, significantly accelerating project completion. Built for durability and consistent performance, the Cut-Template eliminates the need for frequent replacements. The result? Better outcomes, faster execution, and long-term cost savings.<\/div>\n<\/div><div class=\"bde-column-133-111 bde-column\">\n  \n  \n\t\n\n\n\n<img decoding=\"async\" class=\"bde-image2-133-107 bde-image2\" src=\"https:\/\/srimontage.se\/wp-content\/uploads\/2026\/03\/WhatsApp-Image-2026-03-30-at-9.30.23-PM.jpeg\" loading=\"lazy\" srcset=\"https:\/\/srimontage.se\/wp-content\/uploads\/2026\/03\/WhatsApp-Image-2026-03-30-at-9.30.23-PM.jpeg 1186w, https:\/\/srimontage.se\/wp-content\/uploads\/2026\/03\/WhatsApp-Image-2026-03-30-at-9.30.23-PM-300x300.jpeg 300w, https:\/\/srimontage.se\/wp-content\/uploads\/2026\/03\/WhatsApp-Image-2026-03-30-at-9.30.23-PM-1024x1024.jpeg 1024w, https:\/\/srimontage.se\/wp-content\/uploads\/2026\/03\/WhatsApp-Image-2026-03-30-at-9.30.23-PM-150x150.jpeg 150w, https:\/\/srimontage.se\/wp-content\/uploads\/2026\/03\/WhatsApp-Image-2026-03-30-at-9.30.23-PM-768x767.jpeg 768w, https:\/\/srimontage.se\/wp-content\/uploads\/2026\/03\/WhatsApp-Image-2026-03-30-at-9.30.23-PM-12x12.jpeg 12w\" sizes=\"(max-width: 1186px) 100vw, 1186px\">\n<\/div><\/div><\/div>\n<\/section><section class=\"bde-section-133-115 bde-section\">\n  \n  \n\t\n\n\n\n<div class=\"section-container\"><div class=\"bde-columns-133-116 bde-columns\"><div class=\"bde-column-133-117 bde-column\">\n  \n  \n\t\n\n\n\n<img decoding=\"async\" class=\"bde-image2-133-112 bde-image2\" src=\"https:\/\/srimontage.se\/wp-content\/uploads\/2026\/03\/WhatsApp-Image-2026-03-30-at-9.30.23-PM-2.jpeg\" loading=\"lazy\" srcset=\"https:\/\/srimontage.se\/wp-content\/uploads\/2026\/03\/WhatsApp-Image-2026-03-30-at-9.30.23-PM-2.jpeg 1290w, https:\/\/srimontage.se\/wp-content\/uploads\/2026\/03\/WhatsApp-Image-2026-03-30-at-9.30.23-PM-2-300x300.jpeg 300w\" sizes=\"(max-width: 1290px) 100vw, 1290px\">\n<\/div><div class=\"bde-column-133-118 bde-column\">\n  \n  \n\t\n\n\n\n<h2 class=\"bde-heading-133-114 bde-heading\">\nHow to Use the Template for Pipe Cutting\n<\/h2><div class=\"bde-text-133-110 bde-text translation-block\">Follow these simple steps to achieve precise cuts:\n<br><br>\n1. Position the Pipe<br>\nPlace the pipe in the template with one edge aligned at 0\u00b0 to ensure an accurate starting point. \n<br><br>\n2. Mark the Angle <br>\nDraw a line on the pipe according to your desired cutting angle. \n<br><br>\n3. Adjust the Pipe <br>\nPush the pipe through the template until the marked line becomes visible. \n<br><br>\n4. Complete the Guide<br>\nLine Draw a line around the entire pipe\u2014this will serve as your cutting guide. <br><br>\nCustom-Made for Your Needs<\/div>\n<\/div><\/div><\/div>\n<\/section><section class=\"bde-section-133-119 bde-section\">\n  \n  \n\t\n\n\n\n<div class=\"section-container\"><div class=\"bde-columns-133-121 bde-columns\"><div class=\"bde-column-133-122 bde-column\">\n  \n  \n\t\n\n\n\n<h2 class=\"bde-heading-133-123 bde-heading\">\nCustom-Made for Your Needs\n<\/h2><div class=\"bde-text-133-124 bde-text translation-block\">Our cutting templates are custom-produced using advanced 3D printing technology, ensuring high precision and quality.\n<br><br>\nSince 90\u00b0 bends come in many different dimensions, we manufacture templates on demand. This allows us to:\n<br><br>\n\u2022 Offer a wide range of sizes.<br>\n\u2022 Match your exact project specifications.<br>\n\u2022 Avoid limitations of standard stock options.\n<br><br>\nWhen you order from us, you receive a tool specifically designed for your application\u2014maximizing accuracy and efficiency.<\/div>\n<\/div><div class=\"bde-column-133-125 bde-column\">\n  \n  \n\t\n\n\n\n<img decoding=\"async\" class=\"bde-image2-133-126 bde-image2\" src=\"https:\/\/srimontage.se\/wp-content\/uploads\/2026\/03\/WhatsApp-Image-2026-03-30-at-9.30.23-PM-1.jpeg\" loading=\"lazy\" srcset=\"https:\/\/srimontage.se\/wp-content\/uploads\/2026\/03\/WhatsApp-Image-2026-03-30-at-9.30.23-PM-1.jpeg 1189w, https:\/\/srimontage.se\/wp-content\/uploads\/2026\/03\/WhatsApp-Image-2026-03-30-at-9.30.23-PM-1-300x300.jpeg 300w, https:\/\/srimontage.se\/wp-content\/uploads\/2026\/03\/WhatsApp-Image-2026-03-30-at-9.30.23-PM-1-1024x1024.jpeg 1024w, https:\/\/srimontage.se\/wp-content\/uploads\/2026\/03\/WhatsApp-Image-2026-03-30-at-9.30.23-PM-1-150x150.jpeg 150w, https:\/\/srimontage.se\/wp-content\/uploads\/2026\/03\/WhatsApp-Image-2026-03-30-at-9.30.23-PM-1-768x768.jpeg 768w, https:\/\/srimontage.se\/wp-content\/uploads\/2026\/03\/WhatsApp-Image-2026-03-30-at-9.30.23-PM-1-12x12.jpeg 12w\" sizes=\"(max-width: 1189px) 100vw, 1189px\">\n<\/div><\/div><\/div>\n<\/section>","protected":false},"excerpt":{"rendered":"<p>Cut-Templet: Precision, effektivitet och kostnadsbesparingar Minska kostnader. Spara tid. Arbeta smartare. Att investera i Cut-Templet handlar inte bara om att f\u00f6rb\u00e4ttra noggrannheten \u2013 det \u00e4r ett smartare s\u00e4tt att spara b\u00e5de tid och pengar.Genom att minska materialspill och minimera fel hj\u00e4lper Cut-Templet dig att optimera resurser och s\u00e4nka de totala projektkostnaderna. Anv\u00e4ndare rapporterar tidsbesparingar p\u00e5 [&hellip;]<\/p>\n","protected":false},"author":1,"featured_media":0,"parent":0,"menu_order":0,"comment_status":"closed","ping_status":"closed","template":"","meta":{"_breakdance_hide_in_design_set":false,"_breakdance_tags":"","footnotes":""},"class_list":["post-133","page","type-page","status-publish","hentry"],"yoast_head":"<!-- This site is optimized with the Yoast SEO plugin v27.2 - https:\/\/yoast.com\/product\/yoast-seo-wordpress\/ -->\n<title>Templet - SRI Montage<\/title>\n<meta name=\"robots\" content=\"index, follow, max-snippet:-1, max-image-preview:large, max-video-preview:-1\" \/>\n<link rel=\"canonical\" href=\"https:\/\/srimontage.se\/en\/templet\/\" \/>\n<meta property=\"og:locale\" content=\"en_US\" \/>\n<meta property=\"og:type\" content=\"article\" \/>\n<meta property=\"og:title\" content=\"Templet - SRI Montage\" \/>\n<meta property=\"og:description\" content=\"Cut-Templet: Precision, effektivitet och kostnadsbesparingar Minska kostnader. Spara tid. Arbeta smartare. Att investera i Cut-Templet handlar inte bara om att f\u00f6rb\u00e4ttra noggrannheten \u2013 det \u00e4r ett smartare s\u00e4tt att spara b\u00e5de tid och pengar.Genom att minska materialspill och minimera fel hj\u00e4lper Cut-Templet dig att optimera resurser och s\u00e4nka de totala projektkostnaderna. Anv\u00e4ndare rapporterar tidsbesparingar p\u00e5 [&hellip;]\" \/>\n<meta property=\"og:url\" content=\"https:\/\/srimontage.se\/en\/templet\/\" \/>\n<meta property=\"og:site_name\" content=\"SRI Montage\" \/>\n<meta property=\"article:modified_time\" content=\"2026-04-03T13:59:03+00:00\" \/>\n<meta name=\"twitter:card\" content=\"summary_large_image\" \/>\n<script type=\"application\/ld+json\" class=\"yoast-schema-graph\">{\"@context\":\"https:\/\/schema.org\",\"@graph\":[{\"@type\":\"WebPage\",\"@id\":\"https:\/\/srimontage.se\/templet\/\",\"url\":\"https:\/\/srimontage.se\/templet\/\",\"name\":\"Templet - SRI Montage\",\"isPartOf\":{\"@id\":\"https:\/\/srimontage.se\/#website\"},\"datePublished\":\"2026-03-30T18:21:25+00:00\",\"dateModified\":\"2026-04-03T13:59:03+00:00\",\"breadcrumb\":{\"@id\":\"https:\/\/srimontage.se\/templet\/#breadcrumb\"},\"inLanguage\":\"en-US\",\"potentialAction\":[{\"@type\":\"ReadAction\",\"target\":[\"https:\/\/srimontage.se\/templet\/\"]}]},{\"@type\":\"BreadcrumbList\",\"@id\":\"https:\/\/srimontage.se\/templet\/#breadcrumb\",\"itemListElement\":[{\"@type\":\"ListItem\",\"position\":1,\"name\":\"Home\",\"item\":\"https:\/\/srimontage.se\/\"},{\"@type\":\"ListItem\",\"position\":2,\"name\":\"Templet\"}]},{\"@type\":\"WebSite\",\"@id\":\"https:\/\/srimontage.se\/#website\",\"url\":\"https:\/\/srimontage.se\/\",\"name\":\"SRI Montage\",\"description\":\"Precision. Quality. Experience \u2013 in every detail\",\"publisher\":{\"@id\":\"https:\/\/srimontage.se\/#organization\"},\"potentialAction\":[{\"@type\":\"SearchAction\",\"target\":{\"@type\":\"EntryPoint\",\"urlTemplate\":\"https:\/\/srimontage.se\/?s={search_term_string}\"},\"query-input\":{\"@type\":\"PropertyValueSpecification\",\"valueRequired\":true,\"valueName\":\"search_term_string\"}}],\"inLanguage\":\"en-US\"},{\"@type\":\"Organization\",\"@id\":\"https:\/\/srimontage.se\/#organization\",\"name\":\"SRI Montage\",\"url\":\"https:\/\/srimontage.se\/\",\"logo\":{\"@type\":\"ImageObject\",\"inLanguage\":\"en-US\",\"@id\":\"https:\/\/srimontage.se\/#\/schema\/logo\/image\/\",\"url\":\"https:\/\/srimontage.se\/wordpress\/wp-content\/uploads\/2026\/03\/sri-logo.png\",\"contentUrl\":\"https:\/\/srimontage.se\/wordpress\/wp-content\/uploads\/2026\/03\/sri-logo.png\",\"width\":223,\"height\":100,\"caption\":\"SRI Montage\"},\"image\":{\"@id\":\"https:\/\/srimontage.se\/#\/schema\/logo\/image\/\"},\"sameAs\":[\"https:\/\/www.instagram.com\/srimontage\/\"]}]}<\/script>\n<!-- \/ Yoast SEO plugin. -->","yoast_head_json":{"title":"Templet - SRI Montage","robots":{"index":"index","follow":"follow","max-snippet":"max-snippet:-1","max-image-preview":"max-image-preview:large","max-video-preview":"max-video-preview:-1"},"canonical":"https:\/\/srimontage.se\/en\/templet\/","og_locale":"en_US","og_type":"article","og_title":"Templet - SRI Montage","og_description":"Cut-Templet: Precision, effektivitet och kostnadsbesparingar Minska kostnader. Spara tid. Arbeta smartare. Att investera i Cut-Templet handlar inte bara om att f\u00f6rb\u00e4ttra noggrannheten \u2013 det \u00e4r ett smartare s\u00e4tt att spara b\u00e5de tid och pengar.Genom att minska materialspill och minimera fel hj\u00e4lper Cut-Templet dig att optimera resurser och s\u00e4nka de totala projektkostnaderna. Anv\u00e4ndare rapporterar tidsbesparingar p\u00e5 [&hellip;]","og_url":"https:\/\/srimontage.se\/en\/templet\/","og_site_name":"SRI Montage","article_modified_time":"2026-04-03T13:59:03+00:00","twitter_card":"summary_large_image","schema":{"@context":"https:\/\/schema.org","@graph":[{"@type":"WebPage","@id":"https:\/\/srimontage.se\/templet\/","url":"https:\/\/srimontage.se\/templet\/","name":"Templet - SRI Montage","isPartOf":{"@id":"https:\/\/srimontage.se\/#website"},"datePublished":"2026-03-30T18:21:25+00:00","dateModified":"2026-04-03T13:59:03+00:00","breadcrumb":{"@id":"https:\/\/srimontage.se\/templet\/#breadcrumb"},"inLanguage":"en-US","potentialAction":[{"@type":"ReadAction","target":["https:\/\/srimontage.se\/templet\/"]}]},{"@type":"BreadcrumbList","@id":"https:\/\/srimontage.se\/templet\/#breadcrumb","itemListElement":[{"@type":"ListItem","position":1,"name":"Home","item":"https:\/\/srimontage.se\/"},{"@type":"ListItem","position":2,"name":"Templet"}]},{"@type":"WebSite","@id":"https:\/\/srimontage.se\/#website","url":"https:\/\/srimontage.se\/","name":"SRI Montage","description":"Precision. Quality. Experience \u2013 in every detail","publisher":{"@id":"https:\/\/srimontage.se\/#organization"},"potentialAction":[{"@type":"SearchAction","target":{"@type":"EntryPoint","urlTemplate":"https:\/\/srimontage.se\/?s={search_term_string}"},"query-input":{"@type":"PropertyValueSpecification","valueRequired":true,"valueName":"search_term_string"}}],"inLanguage":"en-US"},{"@type":"Organization","@id":"https:\/\/srimontage.se\/#organization","name":"SRI Montage","url":"https:\/\/srimontage.se\/","logo":{"@type":"ImageObject","inLanguage":"en-US","@id":"https:\/\/srimontage.se\/#\/schema\/logo\/image\/","url":"https:\/\/srimontage.se\/wordpress\/wp-content\/uploads\/2026\/03\/sri-logo.png","contentUrl":"https:\/\/srimontage.se\/wordpress\/wp-content\/uploads\/2026\/03\/sri-logo.png","width":223,"height":100,"caption":"SRI Montage"},"image":{"@id":"https:\/\/srimontage.se\/#\/schema\/logo\/image\/"},"sameAs":["https:\/\/www.instagram.com\/srimontage\/"]}]}},"_links":{"self":[{"href":"https:\/\/srimontage.se\/en\/wp-json\/wp\/v2\/pages\/133","targetHints":{"allow":["GET"]}}],"collection":[{"href":"https:\/\/srimontage.se\/en\/wp-json\/wp\/v2\/pages"}],"about":[{"href":"https:\/\/srimontage.se\/en\/wp-json\/wp\/v2\/types\/page"}],"author":[{"embeddable":true,"href":"https:\/\/srimontage.se\/en\/wp-json\/wp\/v2\/users\/1"}],"replies":[{"embeddable":true,"href":"https:\/\/srimontage.se\/en\/wp-json\/wp\/v2\/comments?post=133"}],"version-history":[{"count":7,"href":"https:\/\/srimontage.se\/en\/wp-json\/wp\/v2\/pages\/133\/revisions"}],"predecessor-version":[{"id":173,"href":"https:\/\/srimontage.se\/en\/wp-json\/wp\/v2\/pages\/133\/revisions\/173"}],"wp:attachment":[{"href":"https:\/\/srimontage.se\/en\/wp-json\/wp\/v2\/media?parent=133"}],"curies":[{"name":"wp","href":"https:\/\/api.w.org\/{rel}","templated":true}]}}